{"id":978,"date":"2021-12-14T11:48:10","date_gmt":"2021-12-14T10:48:10","guid":{"rendered":"http:\/\/demo.customer-web.it\/fontemaggio\/privacy-policy\/"},"modified":"2023-05-23T12:03:38","modified_gmt":"2023-05-23T10:03:38","slug":"privacy-policy","status":"publish","type":"page","link":"https:\/\/www.fontemaggio.it\/fr\/privacy-policy\/","title":{"rendered":"Privacy policy"},"content":{"rendered":"<p>Notre site Web g\u00e8re les donn\u00e9es relatives \u00e0 la vie priv\u00e9e conform\u00e9ment \u00e0 la r\u00e9glementation en vigueur et au RGPD. A cet effet, cette politique de confidentialit\u00e9 fournit toutes les informations qui vous permettront de comprendre quelles donn\u00e9es nous collectons, pourquoi nous les collectons et comment nous les utilisons.<\/p>\n<p>La confidentialit\u00e9 de nos utilisateurs est importante pour nous et c&rsquo;est pourquoi nous voulons que vous soyez pleinement conscient de nos pratiques. Pour toute autre question, vous pouvez nous contacter \u00e0 l&rsquo;adresse e-mail suivante\u00a0: e-mail\u00a0: info@fontemaggio.it.<\/p>\n<p>Nous vous r\u00e9pondrons dans les plus brefs d\u00e9lais.<\/p>\n<p><b>1. Titulaire du titre<\/b><br \/>\nLe titulaire du traitement des donn\u00e9es personnelles collect\u00e9es via le site Web \u00ab www.fontemaggio.it \u00bb pour les visiteurs italiens est :<\/p>\n<p><b>Fontemaggio S.r.l.<br \/>\n<\/b><br \/>\nNum\u00e9ro de TVA : 01413610542<br \/>\nSi\u00e8ge social : Via Eremo delle Carceri, 24, Assise, 06081 (Pg)<br \/>\nT\u00e9l\u00e9phone : +39075813636<br \/>\nCourriel : info@fontemaggio.it<\/p>\n<p><b>2. Donn\u00e9es trait\u00e9es<\/b><br \/>\n<b>Fontemaggio S.r.l.<br \/>\n<\/b> ne collecte que les donn\u00e9es que l&rsquo;utilisateur fournit volontairement et les donn\u00e9es de navigation.<br \/>\nPour consulter la partie \u00ab publique \u00bb du site (c&rsquo;est-\u00e0-dire celle librement accessible \u00e0 tout utilisateur), aucune fourniture de donn\u00e9es personnelles n&rsquo;est requise.<br \/>\nPour acc\u00e9der aux sections de contenu r\u00e9serv\u00e9es du site Web, ou pour tout contact avec <b>Fontemaggio S.r.l.<br \/>\n<\/b> de la part de l&rsquo;utilisateur (par exemple, envoi d&rsquo;e-mails ou de courrier postal aux adresses indiqu\u00e9es sur le site Web), les donn\u00e9es de l&rsquo;utilisateur doivent \u00eatre consid\u00e9r\u00e9es comme acquises et, par cons\u00e9quent, trait\u00e9es dans le plein respect de la l\u00e9gislation en vigueur.<br \/>\nLes donn\u00e9es fournies volontairement par l&rsquo;utilisateur peuvent inclure des donn\u00e9es personnelles telles que\u00a0:<\/p>\n<p>pr\u00e9nom;<br \/>\nnom de famille;<br \/>\ndate de naissance;<br \/>\naffiliation \u00e0 une entreprise\u00a0;<br \/>\nr\u00f4le couvert;<br \/>\nadresse e-mail;<br \/>\ntoutes les photos des documents d&rsquo;identit\u00e9 t\u00e9l\u00e9charg\u00e9s sur le site\u00a0;<br \/>\ndonn\u00e9es d&rsquo;enregistrement direct sur notre site Web (par exemple, e-mail et mot de passe);<br \/>\nles donn\u00e9es des employ\u00e9s, clients, fournisseurs, etc. que le<br \/>\nl&rsquo;utilisateur t\u00e9l\u00e9charge volontairement sur notre serveur (dans les sections du registre de traitement, des syst\u00e8mes de notification, etc.).<br \/>\nLes donn\u00e9es de navigation pouvant \u00eatre collect\u00e9es peuvent inclure\u00a0:<\/p>\n<p>adresses IP\u00a0;<br \/>\nURI \u2013 Uniform Resource Identifier \u2013 adresses des ressources demand\u00e9es ;<br \/>\ntemps et m\u00e9thode utilis\u00e9s pour formuler les requ\u00eates au serveur\u00a0;<br \/>\ncode num\u00e9rique concernant l&rsquo;\u00e9tat de la r\u00e9ponse donn\u00e9e par le serveur (succ\u00e8s, erreur, etc.)\u00a0; etc.<br \/>\nLes donn\u00e9es de navigation se r\u00e9f\u00e8rent au syst\u00e8me d&rsquo;exploitation et \u00e0 l&rsquo;environnement informatique de l&rsquo;utilisateur, dont la transmission est implicite dans l&rsquo;utilisation des protocoles de communication Internet. Bien que ces informations ne soient pas collect\u00e9es pour \u00eatre associ\u00e9es \u00e0 des int\u00e9ress\u00e9s identifi\u00e9s, elles pourraient, de par leur nature, gr\u00e2ce \u00e0 des \u00e9laborations et \u00e0 des associations avec des donn\u00e9es d\u00e9tenues par des tiers, permettre d&rsquo;identifier les utilisateurs.<\/p>\n<p><b>3. Finalit\u00e9 du traitement <\/b><br \/>\n<b>Fontemaggio S.r.l.<br \/>\n<\/b> traite les donn\u00e9es personnelles que l&rsquo;utilisateur a fournies sur le site Web dans le cadre de l&rsquo;utilisation de celui-ci. En particulier, les donn\u00e9es personnelles de l&rsquo;utilisateur peuvent \u00eatre utilis\u00e9es aux fins suivantes :<\/p>\n<p>a) fourniture de services et de fonctions du site Web (tels que, par exemple, nom et pr\u00e9nom, adresse e-mail, mot de passe pour la connexion, etc.) ;<br \/>\n<b>Fontemaggio S.r.l.<br \/>\n<\/b> \u200b\u200bcollecte et traite les donn\u00e9es personnelles de l&rsquo;utilisateur pour lui fournir toutes les fonctionnalit\u00e9s du site Web telles que la possibilit\u00e9 de communiquer via le site Web ou de choisir l&rsquo;option \u00ab\u00a0se souvenir\u00a0\u00bb, de sorte qu&rsquo;il n&rsquo;est pas n\u00e9cessaire de fournir un journal -dans les d\u00e9tails \u00e0 chaque acc\u00e8s.<br \/>\nAttention : nous vous d\u00e9conseillons d&rsquo;utiliser cette derni\u00e8re option si l&rsquo;ordinateur utilis\u00e9 est partag\u00e9 avec d&rsquo;autres personnes.<\/p>\n<p>b) traitement des donn\u00e9es de paiement et de facturation\u00a0;<br \/>\n<b>Fontemaggio S.r.l.<br \/>\n<\/b> traitera les donn\u00e9es personnelles de l&rsquo;utilisateur uniquement pour faciliter les achats et pour traiter les paiements effectu\u00e9s via le site Web. En aucun cas <b>Fontemaggio S.r.l.<br \/>\n<\/b> acqu\u00e9rir les coordonn\u00e9es bancaires de l&rsquo;utilisateur car chaque paiement sera effectu\u00e9 via PayPal.<\/p>\n<p>c) r\u00e9ponse \u00e0 toute demande d&rsquo;avis technique\/juridique de la part de l&rsquo;utilisateur\u00a0;<\/p>\n<p>d) envoyer des informations sur nos services\/mises \u00e0 jour au site Web, par exemple, par e-mail ou par courrier postal (remarque\u00a0: cette fonctionnalit\u00e9 ne sera activ\u00e9e que si l&rsquo;utilisateur donne son consentement explicite)\u00a0;<\/p>\n<p>e) stockage et protection, sur notre serveur, des donn\u00e9es collect\u00e9es, sur demande, t\u00e9l\u00e9charg\u00e9es sur les diff\u00e9rentes sections du site Web par l&rsquo;utilisateur\u00a0;<\/p>\n<p>f) stockage et protection, sur notre serveur, des listes d&rsquo;adresses e-mail ou de num\u00e9ros de t\u00e9l\u00e9phone t\u00e9l\u00e9charg\u00e9es par l&rsquo;utilisateur pour profiter de notre syst\u00e8me de notification\u00a0;<\/p>\n<p>Les finalit\u00e9s \u00e9num\u00e9r\u00e9es ci-dessus sont soumises au consentement de l&rsquo;utilisateur (qui dans certains cas doit \u00eatre explicite). De plus, nous informons \u00e9galement les utilisateurs que <b>Fontemaggio S.r.l.<br \/>\n<\/b> \u200b\u200butilise un outil d&rsquo;un tiers (c&rsquo;est-\u00e0-dire des outils analytiques, publicitaires ou promotionnels li\u00e9s \u00e0 Google) \u00e0 des fins statistiques et marketing uniquement. Les donn\u00e9es sont cependant g\u00e9r\u00e9es sous une forme enti\u00e8rement anonyme. Ces donn\u00e9es sont utilis\u00e9es dans le seul but d&rsquo;obtenir des informations statistiques non associ\u00e9es \u00e0 des donn\u00e9es d&rsquo;identification de l&rsquo;utilisateur concernant l&rsquo;utilisation du site Web et de v\u00e9rifier le bon fonctionnement du site Web, et sont supprim\u00e9es imm\u00e9diatement apr\u00e8s le traitement.<br \/>\nLes donn\u00e9es peuvent \u00eatre utilis\u00e9es pour d\u00e9terminer la responsabilit\u00e9 en cas d&rsquo;hypoth\u00e9tiques d\u00e9lits informatiques endommageant le site Web.<\/p>\n<p><b>Fontemaggio S.r.l.<br \/>\n<\/b> n&rsquo;utilisera pas les donn\u00e9es fournies \u00e0 des fins autres que celles \u00e9num\u00e9r\u00e9es ci-dessus, que l&rsquo;utilisateur a accept\u00e9es, et uniquement dans les limites indiqu\u00e9es de temps \u00e0 autre dans la note d&rsquo;information sp\u00e9cifique suppl\u00e9mentaire fournie pour les services sp\u00e9cifiques demand\u00e9s par l&rsquo;utilisateur.<\/p>\n","protected":false},"excerpt":{"rendered":"<p>Notre site Web g\u00e8re les donn\u00e9es relatives \u00e0 la vie priv\u00e9e conform\u00e9ment \u00e0 la r\u00e9glementation en vigueur et au RGPD. A cet effet, cette politique de<span class=\"excerpt-hellip\"> [\u2026]<\/span><\/p>\n","protected":false},"author":1,"featured_media":0,"parent":0,"menu_order":0,"comment_status":"closed","ping_status":"closed","template":"","meta":{"footnotes":""},"class_list":["post-978","page","type-page","status-publish","hentry"],"yoast_head":"<!-- This site is optimized with the Yoast SEO plugin v27.0 - https:\/\/yoast.com\/product\/yoast-seo-wordpress\/ -->\n<title>Privacy policy - Fontemaggio<\/title>\n<meta name=\"robots\" content=\"index, follow, max-snippet:-1, max-image-preview:large, max-video-preview:-1\" \/>\n<link rel=\"canonical\" href=\"https:\/\/www.fontemaggio.it\/fr\/privacy-policy\/\" \/>\n<meta property=\"og:locale\" content=\"fr_FR\" \/>\n<meta property=\"og:type\" content=\"article\" \/>\n<meta property=\"og:title\" content=\"Privacy policy - Fontemaggio\" \/>\n<meta property=\"og:description\" content=\"Notre site Web g\u00e8re les donn\u00e9es relatives \u00e0 la vie priv\u00e9e conform\u00e9ment \u00e0 la r\u00e9glementation en vigueur et au RGPD. A cet effet, cette politique de [\u2026]\" \/>\n<meta property=\"og:url\" content=\"https:\/\/www.fontemaggio.it\/fr\/privacy-policy\/\" \/>\n<meta property=\"og:site_name\" content=\"Fontemaggio\" \/>\n<meta property=\"article:modified_time\" content=\"2023-05-23T10:03:38+00:00\" \/>\n<meta name=\"twitter:card\" content=\"summary_large_image\" \/>\n<meta name=\"twitter:label1\" content=\"Dur\u00e9e de lecture estim\u00e9e\" \/>\n\t<meta name=\"twitter:data1\" content=\"5 minutes\" \/>\n<script type=\"application\/ld+json\" class=\"yoast-schema-graph\">{\"@context\":\"https:\/\/schema.org\",\"@graph\":[{\"@type\":\"WebPage\",\"@id\":\"https:\/\/www.fontemaggio.it\/fr\/privacy-policy\/\",\"url\":\"https:\/\/www.fontemaggio.it\/fr\/privacy-policy\/\",\"name\":\"Privacy policy - Fontemaggio\",\"isPartOf\":{\"@id\":\"https:\/\/www.fontemaggio.it\/fr\/#website\"},\"datePublished\":\"2021-12-14T10:48:10+00:00\",\"dateModified\":\"2023-05-23T10:03:38+00:00\",\"breadcrumb\":{\"@id\":\"https:\/\/www.fontemaggio.it\/fr\/privacy-policy\/#breadcrumb\"},\"inLanguage\":\"fr-FR\",\"potentialAction\":[{\"@type\":\"ReadAction\",\"target\":[\"https:\/\/www.fontemaggio.it\/fr\/privacy-policy\/\"]}]},{\"@type\":\"BreadcrumbList\",\"@id\":\"https:\/\/www.fontemaggio.it\/fr\/privacy-policy\/#breadcrumb\",\"itemListElement\":[{\"@type\":\"ListItem\",\"position\":1,\"name\":\"Home\",\"item\":\"https:\/\/www.fontemaggio.it\/fr\/\"},{\"@type\":\"ListItem\",\"position\":2,\"name\":\"Privacy policy\"}]},{\"@type\":\"WebSite\",\"@id\":\"https:\/\/www.fontemaggio.it\/fr\/#website\",\"url\":\"https:\/\/www.fontemaggio.it\/fr\/\",\"name\":\"Fontemaggio\",\"description\":\"Strutture Assisi\",\"potentialAction\":[{\"@type\":\"SearchAction\",\"target\":{\"@type\":\"EntryPoint\",\"urlTemplate\":\"https:\/\/www.fontemaggio.it\/fr\/?s={search_term_string}\"},\"query-input\":{\"@type\":\"PropertyValueSpecification\",\"valueRequired\":true,\"valueName\":\"search_term_string\"}}],\"inLanguage\":\"fr-FR\"}]}<\/script>\n<!-- \/ Yoast SEO plugin. -->","yoast_head_json":{"title":"Privacy policy - Fontemaggio","robots":{"index":"index","follow":"follow","max-snippet":"max-snippet:-1","max-image-preview":"max-image-preview:large","max-video-preview":"max-video-preview:-1"},"canonical":"https:\/\/www.fontemaggio.it\/fr\/privacy-policy\/","og_locale":"fr_FR","og_type":"article","og_title":"Privacy policy - Fontemaggio","og_description":"Notre site Web g\u00e8re les donn\u00e9es relatives \u00e0 la vie priv\u00e9e conform\u00e9ment \u00e0 la r\u00e9glementation en vigueur et au RGPD. A cet effet, cette politique de [\u2026]","og_url":"https:\/\/www.fontemaggio.it\/fr\/privacy-policy\/","og_site_name":"Fontemaggio","article_modified_time":"2023-05-23T10:03:38+00:00","twitter_card":"summary_large_image","twitter_misc":{"Dur\u00e9e de lecture estim\u00e9e":"5 minutes"},"schema":{"@context":"https:\/\/schema.org","@graph":[{"@type":"WebPage","@id":"https:\/\/www.fontemaggio.it\/fr\/privacy-policy\/","url":"https:\/\/www.fontemaggio.it\/fr\/privacy-policy\/","name":"Privacy policy - Fontemaggio","isPartOf":{"@id":"https:\/\/www.fontemaggio.it\/fr\/#website"},"datePublished":"2021-12-14T10:48:10+00:00","dateModified":"2023-05-23T10:03:38+00:00","breadcrumb":{"@id":"https:\/\/www.fontemaggio.it\/fr\/privacy-policy\/#breadcrumb"},"inLanguage":"fr-FR","potentialAction":[{"@type":"ReadAction","target":["https:\/\/www.fontemaggio.it\/fr\/privacy-policy\/"]}]},{"@type":"BreadcrumbList","@id":"https:\/\/www.fontemaggio.it\/fr\/privacy-policy\/#breadcrumb","itemListElement":[{"@type":"ListItem","position":1,"name":"Home","item":"https:\/\/www.fontemaggio.it\/fr\/"},{"@type":"ListItem","position":2,"name":"Privacy policy"}]},{"@type":"WebSite","@id":"https:\/\/www.fontemaggio.it\/fr\/#website","url":"https:\/\/www.fontemaggio.it\/fr\/","name":"Fontemaggio","description":"Strutture Assisi","potentialAction":[{"@type":"SearchAction","target":{"@type":"EntryPoint","urlTemplate":"https:\/\/www.fontemaggio.it\/fr\/?s={search_term_string}"},"query-input":{"@type":"PropertyValueSpecification","valueRequired":true,"valueName":"search_term_string"}}],"inLanguage":"fr-FR"}]}},"_links":{"self":[{"href":"https:\/\/www.fontemaggio.it\/fr\/wp-json\/wp\/v2\/pages\/978","targetHints":{"allow":["GET"]}}],"collection":[{"href":"https:\/\/www.fontemaggio.it\/fr\/wp-json\/wp\/v2\/pages"}],"about":[{"href":"https:\/\/www.fontemaggio.it\/fr\/wp-json\/wp\/v2\/types\/page"}],"author":[{"embeddable":true,"href":"https:\/\/www.fontemaggio.it\/fr\/wp-json\/wp\/v2\/users\/1"}],"replies":[{"embeddable":true,"href":"https:\/\/www.fontemaggio.it\/fr\/wp-json\/wp\/v2\/comments?post=978"}],"version-history":[{"count":3,"href":"https:\/\/www.fontemaggio.it\/fr\/wp-json\/wp\/v2\/pages\/978\/revisions"}],"predecessor-version":[{"id":1590,"href":"https:\/\/www.fontemaggio.it\/fr\/wp-json\/wp\/v2\/pages\/978\/revisions\/1590"}],"wp:attachment":[{"href":"https:\/\/www.fontemaggio.it\/fr\/wp-json\/wp\/v2\/media?parent=978"}],"curies":[{"name":"wp","href":"https:\/\/api.w.org\/{rel}","templated":true}]}}