{"id":974,"date":"2021-03-15T09:16:19","date_gmt":"2021-03-15T08:16:19","guid":{"rendered":"http:\/\/demo.customer-web.it\/fontemaggio\/cookies\/"},"modified":"2022-08-08T11:09:34","modified_gmt":"2022-08-08T09:09:34","slug":"cookies","status":"publish","type":"page","link":"https:\/\/www.fontemaggio.it\/fr\/cookies\/","title":{"rendered":"Cookies"},"content":{"rendered":"<div class=\"wpb-content-wrapper\"><p>[vc_row][vc_column][vc_column_text]<\/p>\n<h2>Politique relative aux cookies de www.fontemaggio.it<\/h2>\n<p>Les cookies sont des portions de code install\u00e9es dans le navigateur qui<br \/>\naider le titulaire du titre \u00e0 fournir le service pour le fins d\u00e9crites. En outre, certaines des finalit\u00e9s d&rsquo;installation des cookies peuvent \u00e9galement n\u00e9cessiter l&rsquo;accord de l&rsquo;utilisateur. consentement.<br \/>\nLorsque des cookies sont install\u00e9s suite \u00e0 un consentement, ce consentement peut \u00eatre librement r\u00e9voqu\u00e9 \u00e0 tout moment en suivant les<br \/>\nconsignes contenues dans ce document.<\/p>\n<h4>Cookies de statistiques techniques et agr\u00e9g\u00e9es<\/h4>\n<p>\u2022 les activit\u00e9s strictement n\u00e9cessaires \u00e0 l&rsquo;usage.<br \/>\nCette application utilise des cookies pour enregistrer la session de l&rsquo;utilisateur et pour<br \/>\neffectuer d&rsquo;autres activit\u00e9s strictement n\u00e9cessaires \u00e0 l&rsquo;exploitation<br \/>\nde l&rsquo;application elle-m\u00eame, par exemple en relation avec la r\u00e9partition du trafic.<\/p>\n<p>\u2022 Activit\u00e9s de sauvegarde des pr\u00e9f\u00e9rences, d&rsquo;optimisation et de statistiques.<br \/>\nCette application utilise des cookies pour enregistrer les pr\u00e9f\u00e9rences de navigation et optimiser l&rsquo;exp\u00e9rience de navigation de l&rsquo;utilisateur.<br \/>\nCes cookies comprennent, par exemple, ceux concernant le r\u00e9glage de la langue et de la devise ou la gestion des statistiques par le titulaire du site Web.<\/p>\n<h4>Autres types de cookies ou autres outils susceptibles de les installer<\/h4>\n<p>Certains des services \u00e9num\u00e9r\u00e9s ci-dessous collectent des statistiques sous forme agr\u00e9g\u00e9e et anonyme et peuvent ne pas n\u00e9cessiter le consentement de l&rsquo;utilisateur ou \u00eatre g\u00e9r\u00e9s directement par le responsable du traitement &#8211; selon la description &#8211; sans l&rsquo;aide de tiers. Si les outils indiqu\u00e9s ci-dessous incluent des services g\u00e9r\u00e9s par des tiers, ceux-ci pourraient \u2013 \u200b\u200ben plus de ce qui est sp\u00e9cifi\u00e9 et \u00e9galement \u00e0 l&rsquo;insu du Titulaire \u2013 suivre l&rsquo;Utilisateur. Pour des informations d\u00e9taill\u00e9es, veuillez consulter la politique de confidentialit\u00e9 concernant les services r\u00e9pertori\u00e9s.<\/p>\n<p>\u2022 Interaction avec les r\u00e9seaux sociaux et plateformes externes.<\/p>\n<p>Ce type de services permet des interactions avec les r\u00e9seaux sociaux, ou d&rsquo;autres plateformes externes, directement depuis les pages de cette application. Les interactions et les informations acquises par l&rsquo;application sont dans tous les cas soumises aux param\u00e8tres de confidentialit\u00e9 de l&rsquo;utilisateur li\u00e9s \u00e0 chaque r\u00e9seau social. Si un service permettant des interactions avec les r\u00e9seaux sociaux a \u00e9t\u00e9 install\u00e9, il est possible que, m\u00eame si les utilisateurs n&rsquo;utilisent pas le service, celui-ci collecte des donn\u00e9es de trafic relatives aux pages sur lesquelles il est install\u00e9.<\/p>\n<p><b>Bouton\u00a0+1 et widgets sociaux Google+ (Google inc.)<\/b><br \/>\nLe bouton +1 et les widgets sociaux de Google+ sont utiles pour<br \/>\ninteragir avec Google+, un r\u00e9seau social fourni par Google Inc.<br \/>\nDonn\u00e9es personnelles collect\u00e9es : cookies et donn\u00e9es d&rsquo;utilisation.<br \/>\nLieu de traitement : \u00c9tats-Unis \u2013 Politique de confidentialit\u00e9.<\/p>\n<p><b>Bouton LinkedIn et widgets sociaux (LinkedIn Corporation)<\/b> Le bouton LinkedIn et les widgets sociaux sont utilis\u00e9s pour interagir avec LinkedIn, un r\u00e9seau social fourni par la soci\u00e9t\u00e9 LinkedIn.<br \/>\nDonn\u00e9es personnelles collect\u00e9es : cookies et donn\u00e9es d&rsquo;utilisation.<br \/>\nLieu de traitement : \u00c9tats-Unis \u2013 Politique de confidentialit\u00e9.<\/p>\n<p><b>Bouton J&rsquo;aime et widgets sociaux Facebook (Facebook, Inc.)<\/b> Le bouton \u00ab\u00a0J&rsquo;aime\u00a0\u00bb et les widgets sociaux Facebook sont des services utilis\u00e9s pour interagir avec Facebook, un r\u00e9seau social fourni par Facebook, Inc.<br \/>\nDonn\u00e9es personnelles collect\u00e9es\u00a0: cookies et donn\u00e9es d&rsquo;utilisation.<br \/>\nLieu de traitement : \u00c9tats-Unis \u2013 Politique de confidentialit\u00e9.<\/p>\n<p><b>Bouton Tweet et widgets sociaux Twitter (Twitter, Inc.)<\/b><br \/>\nLe bouton Tweet et les widgets sociaux de Twitter sont des services utilis\u00e9s pour interagir avec Twitter, un r\u00e9seau social fourni par Twitter, Inc.<br \/>\nDonn\u00e9es personnelles collect\u00e9es\u00a0: cookies et donn\u00e9es d&rsquo;utilisation.<br \/>\nLieu de traitement : \u00c9tats-Unis \u2013 Politique de confidentialit\u00e9.<\/p>\n<p><b>Bouton \u00ab\u00a0Pin it\u00a0\u00bb et widgets sociaux Pinterest (Pinterest)<\/b><br \/>\nLe bouton \u00ab\u00a0Pin it\u00a0\u00bb et les widgets sociaux Pinterest sont des services utilis\u00e9s pour interagir avec Pinterest, une plate-forme fournie par Pinterest Inc.<br \/>\nDonn\u00e9es personnelles collect\u00e9es\u00a0: cookies et donn\u00e9es d&rsquo;utilisation.<br \/>\nLieu de traitement : \u00c9tats-Unis \u2013 Politique de confidentialit\u00e9.<\/p>\n<p>\u2022 Statistiques<\/p>\n<p>Les services contenus dans cette section permettent au responsable du traitement de surveiller et d&rsquo;analyser les donn\u00e9es de trafic et sont utilis\u00e9s pour suivre le comportement de l&rsquo;utilisateur.<\/p>\n<p><b>Google Analytics (Google Inc.)<\/b><br \/>\nGoogle Analytics est un service d&rsquo;analyse Web fourni par Google Inc. (\u00ab\u00a0Google\u00a0\u00bb). Google utilise les donn\u00e9es personnelles collect\u00e9es dans le but de suivre et d&rsquo;examiner l&rsquo;utilisation de cette application, de compiler des rapports et de les partager avec d&rsquo;autres services d\u00e9velopp\u00e9s par Google.<br \/>\nGoogle peut utiliser les donn\u00e9es personnelles collect\u00e9es pour contextualiser et personnaliser les publicit\u00e9s de son r\u00e9seau publicitaire.<br \/>\nDonn\u00e9es personnelles collect\u00e9es\u00a0: cookies et donn\u00e9es d&rsquo;utilisation.<br \/>\nLieu de traitement : \u00c9tats-Unis \u2013 Politique de confidentialit\u00e9 \u2013 Opt Out.<\/p>\n<p>\u2022 Affichage du contenu de plates-formes externes<\/p>\n<p>Ce type de service permet aux utilisateurs de visualiser le contenu h\u00e9berg\u00e9 sur des plateformes externes directement \u00e0 partir des pages de cette application, et d&rsquo;interagir avec ce contenu.<br \/>\nEn cas d&rsquo;installation d&rsquo;un service de ce type, il est possible que, m\u00eame si l&rsquo;utilisateur n&rsquo;utilise pas le service, celui-ci collecte des donn\u00e9es de trafic relatives aux pages sur lesquelles il est install\u00e9.<\/p>\n<p><b>Google Fonts (Google Inc.)<\/b><br \/>\nGoogle Fonts est un service de visualisation de styles de police g\u00e9r\u00e9 par Google Inc. qui permet \u00e0 cette Application d&rsquo;int\u00e9grer de tels contenus dans ses pages.<br \/>\nDonn\u00e9es personnelles collect\u00e9es\u00a0: cookies et donn\u00e9es d&rsquo;utilisation.<br \/>\nLieu de traitement : \u00c9tats-Unis \u2013 Politique de confidentialit\u00e9.<\/p>\n<p><b>Widget Google Maps (Google Inc.)<\/b><br \/>\nGoogle Maps est un service de visualisation de cartes g\u00e9r\u00e9 par Google Inc. qui permet \u00e0 cette application d&rsquo;int\u00e9grer de tels contenus dans ses pages.<br \/>\nDonn\u00e9es personnelles collect\u00e9es\u00a0: cookies et donn\u00e9es d&rsquo;utilisation.<br \/>\nLieu de traitement : \u00c9tats-Unis \u2013 Politique de confidentialit\u00e9.<\/p>\n<p><b>Widget vid\u00e9o YouTube (Google Inc.)<\/b><br \/>\nYouTube est un service d&rsquo;affichage de contenu vid\u00e9o g\u00e9r\u00e9 par Google Inc. qui permet \u00e0 cette application d&rsquo;int\u00e9grer ce contenu dans ses pages.<br \/>\nDonn\u00e9es personnelles collect\u00e9es\u00a0: cookies et donn\u00e9es d&rsquo;utilisation.<br \/>\nLieu de traitement : \u00c9tats-Unis \u2013 Politique de confidentialit\u00e9.<\/p>\n<h4>Comment puis-je exprimer mon consentement \u00e0 l&rsquo;installation de cookies\u00a0?<\/h4>\n<p>En plus de ce qui est indiqu\u00e9 dans ce document, l&rsquo;Utilisateur peut g\u00e9rer les pr\u00e9f\u00e9rences relatives aux Cookies directement via son navigateur et emp\u00eacher, par exemple, l&rsquo;installation de tiers. De plus, via les pr\u00e9f\u00e9rences du navigateur, il est \u00e9galement possible de supprimer les cookies install\u00e9s dans le pass\u00e9, y compris le cookie li\u00e9 au consentement \u00e0 l&rsquo;installation de cookies de la part de ce site Web.<\/p>\n<p>L&rsquo;Utilisateur peut trouver des informations sur la gestion des cookies sur certains des navigateurs les plus populaires aux adresses suivantes : Google Chrome, Mozilla Firefox, Apple Safari et Microsoft Internet Explorer.<br \/>\nEn ce qui concerne les cookies install\u00e9s par des tiers, l&rsquo;utilisateur peut \u00e9galement g\u00e9rer ses propres param\u00e8tres et r\u00e9voquer le consentement donn\u00e9 en visitant le lien de d\u00e9sinscription correspondant (si disponible), en utilisant les outils d\u00e9crits dans la politique de confidentialit\u00e9 du tiers ou en contactant le tiers directement.<\/p>\n<p>Nonobstant la proc\u00e9dure d\u00e9crite ci-dessus, l&rsquo;Utilisateur peut utiliser les informations fournies par EDAA (EU), Network Advertising Initiative (USA) et Digital Advertising Alliance (USA), DAAC (Canada), DDAI (Japon) ou d&rsquo;autres services similaires. Gr\u00e2ce \u00e0 ces services, les utilisateurs peuvent g\u00e9rer les pr\u00e9f\u00e9rences de suivi de la plupart des outils publicitaires. Le Titulaire conseille donc aux Utilisateurs d&rsquo;utiliser ces ressources en compl\u00e9ment des informations fournies par ce document.<\/p>\n<h4>D\u00e9tenteur des donn\u00e9es<\/h4>\n<p>&#8211; Fontemaggio S.r.l. Via Eremo delle Carceri, 24, Assise, 06081 (Pg)<\/p>\n<p>Adresse e-mail du titulaire du titre\u00a0: info@fontemaggio.it<\/p>\n<p>\u00c9tant donn\u00e9 que l&rsquo;installation de Cookies et d&rsquo;autres syst\u00e8mes de suivi exploit\u00e9s par des tiers via les services utilis\u00e9s dans cette Application ne peut pas \u00eatre techniquement contr\u00f4l\u00e9e par le Titulaire, toute r\u00e9f\u00e9rence sp\u00e9cifique \u00e0 des Cookies et \u00e0 des syst\u00e8mes de suivi install\u00e9s par des tiers doit \u00eatre consid\u00e9r\u00e9e comme indicative. Pour obtenir des informations compl\u00e8tes, les Utilisateurs sont invit\u00e9s \u00e0 lire la Politique de confidentialit\u00e9 des \u00e9ventuels services tiers r\u00e9pertori\u00e9s dans ce document.<\/p>\n<p>Compte tenu de la complexit\u00e9 d&rsquo;identification de la technologie bas\u00e9e sur les Cookies, les Utilisateurs sont invit\u00e9s \u00e0 contacter le Responsable du traitement s&rsquo;ils souhaitent recevoir de plus amples informations concernant l&rsquo;utilisation des Cookies via cette Application.<\/p>\n<h4>D\u00e9finitions et r\u00e9f\u00e9rences juridiques<\/h4>\n<p><b>Donn\u00e9es personnelles (ou Donn\u00e9es)<\/b><br \/>\nLes donn\u00e9es personnelles comprennent toute information qui, directement ou indirectement, et en relation avec toute autre information, y compris un num\u00e9ro d&rsquo;identification personnel, rend une personne physique identifi\u00e9e ou identifiable.<\/p>\n<p><b>Donn\u00e9es d&rsquo;utilisation<\/b><br \/>\nLes donn\u00e9es d&rsquo;utilisation sont les informations collect\u00e9es automatiquement via cette application (m\u00eame \u00e0 partir d&rsquo;applications tierces int\u00e9gr\u00e9es \u00e0 celle-ci), y compris\u00a0: les adresses IP ou les noms de domaine des ordinateurs utilis\u00e9s par l&rsquo;utilisateur qui se connectent \u00e0 cette application, les adresses en notation URI (Uniform Resource Identifier ), l&rsquo;heure de la demande, la m\u00e9thode utilis\u00e9e pour transmettre la demande au serveur, la taille du fichier obtenu en r\u00e9ponse, le code num\u00e9rique indiquant l&rsquo;\u00e9tat de la r\u00e9ponse du serveur (succ\u00e8s, erreur, etc.), le pays d&rsquo;origine, les caract\u00e9ristiques du navigateur et du syst\u00e8me d&rsquo;exploitation utilis\u00e9 par le visiteur, les diff\u00e9rentes caract\u00e9ristiques temporelles de la visite (par exemple, le temps pass\u00e9 sur chaque page), et le d\u00e9tail de l&rsquo;itin\u00e9raire suivi au sein de l&rsquo;Application, avec une r\u00e9f\u00e9rence particuli\u00e8re \u00e0 la s\u00e9quence des pages visit\u00e9es, aux param\u00e8tres li\u00e9s au syst\u00e8me d&rsquo;exploitation et \u00e0 l&rsquo;environnement informatique de l&rsquo;Utilisateur.<\/p>\n<p><b>Utilisateur<\/b><br \/>\nLa personne qui utilise cette Application et qui, sauf indication contraire, est la m\u00eame que la partie concern\u00e9e.<\/p>\n<p><b>Partie concern\u00e9e<\/b><br \/>\nLa personne physique \u00e0 laquelle les donn\u00e9es personnelles se r\u00e9f\u00e8rent.<\/p>\n<p><b>Contr\u00f4leur de donn\u00e9es (ou gestionnaire)<\/b><br \/>\nLa personne physique ou morale, le bureau de l&rsquo;administration publique et toute autre entit\u00e9 qui traite des donn\u00e9es personnelles au nom du titulaire du titre, comme indiqu\u00e9 dans la pr\u00e9sente politique de confidentialit\u00e9.<\/p>\n<p><b>Titulaire des donn\u00e9es (ou titulaire du titre)<\/b><br \/>\nLa personne physique ou morale, l&rsquo;autorit\u00e9 publique, le service ou tout autre organisme qui, individuellement ou avec d&rsquo;autres, d\u00e9termine les finalit\u00e9s et les moyens du traitement des donn\u00e9es personnelles et les outils utilis\u00e9s, y compris les mesures de s\u00e9curit\u00e9 li\u00e9es au fonctionnement et \u00e0 l&rsquo;utilisation de cette Application. Le titulaire des donn\u00e9es, sauf indication contraire, est le propri\u00e9taire de cette application.<\/p>\n<p><b>Cette demande<\/b><br \/>\nL\u2019outil mat\u00e9riel ou logiciel par lequel les Donn\u00e9es Personnelles des Utilisateurs sont collect\u00e9es et trait\u00e9es.<\/p>\n<p><b>Service<\/b><br \/>\nLe service fourni par cette application tel que d\u00e9fini dans les conditions pertinentes (le cas \u00e9ch\u00e9ant) d\u00e9crites sur ce site Web\/application.<\/p>\n<p><b>Union europ\u00e9enne (ou UE)<\/b><br \/>\nSauf indication contraire, toute r\u00e9f\u00e9rence \u00e0 l&rsquo;Union europ\u00e9enne contenue dans le pr\u00e9sent document doit \u00eatre \u00e9tendue \u00e0 tous les \u00c9tats membres actuels de l&rsquo;Union europ\u00e9enne et de l&rsquo;Espace \u00e9conomique europ\u00e9en.<\/p>\n<p><b>Cookie<\/b><br \/>\nPetite partie des donn\u00e9es stock\u00e9es dans l&rsquo;appareil de l&rsquo;utilisateur.<\/p>\n<p><b>R\u00e9f\u00e9rences l\u00e9gales <\/b><br \/>\nCette d\u00e9claration de confidentialit\u00e9 a \u00e9t\u00e9 pr\u00e9par\u00e9e sur la base de plusieurs syst\u00e8mes l\u00e9gislatifs, y compris les articles no. 13 et 14 du R\u00e8glement UE no. 2016\/679.[\/vc_column_text][vc_column_text]<strong> QUELS TYPES DE COOKIES UTILISONS-NOUS ? <\/strong><\/p>\n<p>Essentiel : certains cookies sont essentiels pour pouvoir profiter de toutes les fonctionnalit\u00e9s de notre site. Ils nous permettent de maintenir les sessions des utilisateurs et de pr\u00e9venir toute menace de s\u00e9curit\u00e9. Ils ne collectent ni ne stockent aucune information personnelle. Par exemple, ces cookies vous permettent de vous connecter \u00e0 votre compte et d&rsquo;ajouter des produits \u00e0 votre panier et de payer en toute s\u00e9curit\u00e9.<\/p>\n<p>Statistiques\u00a0: ces cookies stockent des informations telles que le nombre de visiteurs sur le site Web, le nombre de visiteurs uniques, les pages du site Web qui ont \u00e9t\u00e9 visit\u00e9es, l&rsquo;origine de la visite, etc. Ces donn\u00e9es nous aident \u00e0 comprendre et \u00e0 analyser les performances du site Web et o\u00f9 il a besoin d&rsquo;\u00eatre am\u00e9lior\u00e9.<\/p>\n<p>Marketing : Notre site Web affiche des publicit\u00e9s. Ces cookies sont utilis\u00e9s pour personnaliser les publicit\u00e9s que nous vous montrons afin qu&rsquo;elles soient significatives pour vous. Ces cookies nous aident \u00e9galement \u00e0 suivre l&rsquo;efficacit\u00e9 de ces campagnes publicitaires.<br \/>\nLes informations stock\u00e9es dans ces cookies peuvent \u00e9galement \u00eatre utilis\u00e9es par des fournisseurs de publicit\u00e9 tiers pour vous montrer \u00e9galement des publicit\u00e9s sur d&rsquo;autres sites Web sur votre navigateur.<\/p>\n<p>Fonctionnel : Ce sont les cookies qui aident certaines fonctionnalit\u00e9s non essentielles sur notre site Web. Ces fonctionnalit\u00e9s incluent l&rsquo;int\u00e9gration de contenu tel que des vid\u00e9os ou le partage de contenu de site Web sur des plateformes de m\u00e9dias sociaux.<\/p>\n<p>Pr\u00e9f\u00e9rences : ces cookies nous aident \u00e0 m\u00e9moriser vos param\u00e8tres et vos pr\u00e9f\u00e9rences de navigation telles que les pr\u00e9f\u00e9rences linguistiques afin que vous ayez une exp\u00e9rience meilleure et efficace lors de vos visites<\/p>\n\n<p><strong> COMMENT PUIS-JE V\u00c9RIFIER LES PR\u00c9F\u00c9RENCES EN MATI\u00c8RE DE COOKIES\u00a0? <\/strong><\/p>\n<p>Vous pouvez g\u00e9rer vos pr\u00e9f\u00e9rences en mati\u00e8re de cookies en cliquant sur le bouton \u00ab\u00a0Param\u00e8tres\u00a0\u00bb et en activant ou d\u00e9sactivant les cat\u00e9gories de cookies dans la popup selon vos pr\u00e9f\u00e9rences.<\/p>\n<p>Si vous d\u00e9cidez de modifier vos pr\u00e9f\u00e9rences plus tard au cours de la session de navigation, vous pouvez cliquer sur le lien \u00ab\u00a0Confidentialit\u00e9 &amp; amp; Politique relative aux cookies \u00bb \u00e0 l&rsquo;\u00e9cran. Cela affichera \u00e0 nouveau l&rsquo;avis de consentement qui vous permettra de modifier vos pr\u00e9f\u00e9rences ou de retirer compl\u00e8tement votre consentement.<\/p>\n<p>En plus de cela, diff\u00e9rents navigateurs proposent diff\u00e9rentes m\u00e9thodes pour bloquer et supprimer les cookies utilis\u00e9s par les sites Web. Vous pouvez modifier les param\u00e8tres de votre navigateur pour bloquer\/supprimer les cookies. Pour en savoir plus sur la gestion et la suppression des cookies, visitez <a href=\"https:\/\/en.wikipedia.org\/wiki\/HTTP_cookie\" target=\"_blank\" rel=\"nofollow noopener\"> wikipedia.org &lt;\/ a &gt; , <\/a><a href=\"http:\/\/www.allaboutcookies.org\/\" target=\"_blank\" rel=\"nofollow noopener\"> www.allaboutcookies.org. <\/a><a href=\"https:\/\/en.wikipedia.org\/wiki\/HTTP_cookie\" target=\"_blank\" rel=\"nofollow noopener\">[\/vc_column_text][\/vc_column][\/vc_row]<\/a><\/p>\n<\/div>","protected":false},"excerpt":{"rendered":"<p>[vc_row][vc_column][vc_column_text] Politique relative aux cookies de www.fontemaggio.it Les cookies sont des portions de code install\u00e9es dans le navigateur qui aider le titulaire du titre \u00e0 fournir<span class=\"excerpt-hellip\"> [\u2026]<\/span><\/p>\n","protected":false},"author":1,"featured_media":0,"parent":0,"menu_order":0,"comment_status":"closed","ping_status":"open","template":"","meta":{"footnotes":""},"class_list":["post-974","page","type-page","status-publish","hentry"],"yoast_head":"<!-- This site is optimized with the Yoast SEO plugin v27.0 - https:\/\/yoast.com\/product\/yoast-seo-wordpress\/ -->\n<title>Cookies - Fontemaggio<\/title>\n<meta name=\"robots\" content=\"index, follow, max-snippet:-1, max-image-preview:large, max-video-preview:-1\" \/>\n<link rel=\"canonical\" href=\"https:\/\/www.fontemaggio.it\/fr\/cookies\/\" \/>\n<meta property=\"og:locale\" content=\"fr_FR\" \/>\n<meta property=\"og:type\" content=\"article\" \/>\n<meta property=\"og:title\" content=\"Cookies - Fontemaggio\" \/>\n<meta property=\"og:description\" content=\"[vc_row][vc_column][vc_column_text] Politique relative aux cookies de www.fontemaggio.it Les cookies sont des portions de code install\u00e9es dans le navigateur qui aider le titulaire du titre \u00e0 fournir [\u2026]\" \/>\n<meta property=\"og:url\" content=\"https:\/\/www.fontemaggio.it\/fr\/cookies\/\" \/>\n<meta property=\"og:site_name\" content=\"Fontemaggio\" \/>\n<meta property=\"article:modified_time\" content=\"2022-08-08T09:09:34+00:00\" \/>\n<meta name=\"twitter:card\" content=\"summary_large_image\" \/>\n<meta name=\"twitter:label1\" content=\"Dur\u00e9e de lecture estim\u00e9e\" \/>\n\t<meta name=\"twitter:data1\" content=\"12 minutes\" \/>\n<script type=\"application\/ld+json\" class=\"yoast-schema-graph\">{\"@context\":\"https:\/\/schema.org\",\"@graph\":[{\"@type\":\"WebPage\",\"@id\":\"https:\/\/www.fontemaggio.it\/fr\/cookies\/\",\"url\":\"https:\/\/www.fontemaggio.it\/fr\/cookies\/\",\"name\":\"Cookies - Fontemaggio\",\"isPartOf\":{\"@id\":\"https:\/\/www.fontemaggio.it\/fr\/#website\"},\"datePublished\":\"2021-03-15T08:16:19+00:00\",\"dateModified\":\"2022-08-08T09:09:34+00:00\",\"breadcrumb\":{\"@id\":\"https:\/\/www.fontemaggio.it\/fr\/cookies\/#breadcrumb\"},\"inLanguage\":\"fr-FR\",\"potentialAction\":[{\"@type\":\"ReadAction\",\"target\":[\"https:\/\/www.fontemaggio.it\/fr\/cookies\/\"]}]},{\"@type\":\"BreadcrumbList\",\"@id\":\"https:\/\/www.fontemaggio.it\/fr\/cookies\/#breadcrumb\",\"itemListElement\":[{\"@type\":\"ListItem\",\"position\":1,\"name\":\"Home\",\"item\":\"https:\/\/www.fontemaggio.it\/fr\/\"},{\"@type\":\"ListItem\",\"position\":2,\"name\":\"Cookies\"}]},{\"@type\":\"WebSite\",\"@id\":\"https:\/\/www.fontemaggio.it\/fr\/#website\",\"url\":\"https:\/\/www.fontemaggio.it\/fr\/\",\"name\":\"Fontemaggio\",\"description\":\"Strutture Assisi\",\"potentialAction\":[{\"@type\":\"SearchAction\",\"target\":{\"@type\":\"EntryPoint\",\"urlTemplate\":\"https:\/\/www.fontemaggio.it\/fr\/?s={search_term_string}\"},\"query-input\":{\"@type\":\"PropertyValueSpecification\",\"valueRequired\":true,\"valueName\":\"search_term_string\"}}],\"inLanguage\":\"fr-FR\"}]}<\/script>\n<!-- \/ Yoast SEO plugin. -->","yoast_head_json":{"title":"Cookies - Fontemaggio","robots":{"index":"index","follow":"follow","max-snippet":"max-snippet:-1","max-image-preview":"max-image-preview:large","max-video-preview":"max-video-preview:-1"},"canonical":"https:\/\/www.fontemaggio.it\/fr\/cookies\/","og_locale":"fr_FR","og_type":"article","og_title":"Cookies - Fontemaggio","og_description":"[vc_row][vc_column][vc_column_text] Politique relative aux cookies de www.fontemaggio.it Les cookies sont des portions de code install\u00e9es dans le navigateur qui aider le titulaire du titre \u00e0 fournir [\u2026]","og_url":"https:\/\/www.fontemaggio.it\/fr\/cookies\/","og_site_name":"Fontemaggio","article_modified_time":"2022-08-08T09:09:34+00:00","twitter_card":"summary_large_image","twitter_misc":{"Dur\u00e9e de lecture estim\u00e9e":"12 minutes"},"schema":{"@context":"https:\/\/schema.org","@graph":[{"@type":"WebPage","@id":"https:\/\/www.fontemaggio.it\/fr\/cookies\/","url":"https:\/\/www.fontemaggio.it\/fr\/cookies\/","name":"Cookies - Fontemaggio","isPartOf":{"@id":"https:\/\/www.fontemaggio.it\/fr\/#website"},"datePublished":"2021-03-15T08:16:19+00:00","dateModified":"2022-08-08T09:09:34+00:00","breadcrumb":{"@id":"https:\/\/www.fontemaggio.it\/fr\/cookies\/#breadcrumb"},"inLanguage":"fr-FR","potentialAction":[{"@type":"ReadAction","target":["https:\/\/www.fontemaggio.it\/fr\/cookies\/"]}]},{"@type":"BreadcrumbList","@id":"https:\/\/www.fontemaggio.it\/fr\/cookies\/#breadcrumb","itemListElement":[{"@type":"ListItem","position":1,"name":"Home","item":"https:\/\/www.fontemaggio.it\/fr\/"},{"@type":"ListItem","position":2,"name":"Cookies"}]},{"@type":"WebSite","@id":"https:\/\/www.fontemaggio.it\/fr\/#website","url":"https:\/\/www.fontemaggio.it\/fr\/","name":"Fontemaggio","description":"Strutture Assisi","potentialAction":[{"@type":"SearchAction","target":{"@type":"EntryPoint","urlTemplate":"https:\/\/www.fontemaggio.it\/fr\/?s={search_term_string}"},"query-input":{"@type":"PropertyValueSpecification","valueRequired":true,"valueName":"search_term_string"}}],"inLanguage":"fr-FR"}]}},"_links":{"self":[{"href":"https:\/\/www.fontemaggio.it\/fr\/wp-json\/wp\/v2\/pages\/974","targetHints":{"allow":["GET"]}}],"collection":[{"href":"https:\/\/www.fontemaggio.it\/fr\/wp-json\/wp\/v2\/pages"}],"about":[{"href":"https:\/\/www.fontemaggio.it\/fr\/wp-json\/wp\/v2\/types\/page"}],"author":[{"embeddable":true,"href":"https:\/\/www.fontemaggio.it\/fr\/wp-json\/wp\/v2\/users\/1"}],"replies":[{"embeddable":true,"href":"https:\/\/www.fontemaggio.it\/fr\/wp-json\/wp\/v2\/comments?post=974"}],"version-history":[{"count":4,"href":"https:\/\/www.fontemaggio.it\/fr\/wp-json\/wp\/v2\/pages\/974\/revisions"}],"predecessor-version":[{"id":1495,"href":"https:\/\/www.fontemaggio.it\/fr\/wp-json\/wp\/v2\/pages\/974\/revisions\/1495"}],"wp:attachment":[{"href":"https:\/\/www.fontemaggio.it\/fr\/wp-json\/wp\/v2\/media?parent=974"}],"curies":[{"name":"wp","href":"https:\/\/api.w.org\/{rel}","templated":true}]}}