{"id":979,"date":"2021-12-14T11:48:10","date_gmt":"2021-12-14T10:48:10","guid":{"rendered":"http:\/\/demo.customer-web.it\/fontemaggio\/privacy-policy\/"},"modified":"2023-05-23T12:03:43","modified_gmt":"2023-05-23T10:03:43","slug":"privacy-policy","status":"publish","type":"page","link":"https:\/\/www.fontemaggio.it\/de\/privacy-policy\/","title":{"rendered":"Privacy policy"},"content":{"rendered":"<p>Im Sinne von GDPR werden auf unserer Webseite datenschutzrelevante Daten gem\u00e4\u00df der geltenden Vorschriften behandelt. Deshalb k\u00f6nnen Sie auf diesen Informationsseiten zum Datenschutz alle Informationen finden, die Sie dar\u00fcber informieren, welche Daten wir erheben, warum wir sie erheben und wie sie genutzt werden. Der Datenschutz f\u00fcr unsere Nutzer ist uns sehr wichtig und deshalb wollen wir, da\u00df Sie unsere Praxis vollst\u00e4ndig nachvollziehen k\u00f6nnen.F\u00fcr eventuelle weitere Fragen kontaktieren Sie uns unter folgender E-Mail Adresse : info@fontemaggio.it.<\/p>\n<p>Wir Melden uns so schnell wie m\u00f6glich.<\/p>\n<p>1. Der Betreiber<br \/>\nDer Betreiber der Nutzung pers\u00f6nlich bezogener Daten, erhoben \u00fcber die Webseite www.fontemaggio.it f\u00fcr Besucher:<\/p>\n<p><b>Fontemaggio S.r.l.<\/b><br \/>\nP.Iva: 01413610542<br \/>\nSitz: Via Eremo delle Carceri, 24, Assisi, 06081 (Pg)<br \/>\nTel.: +39075813636<br \/>\nE-mail: info@fontemaggio.it<\/p>\n<p>2. Erhobene Daten<br \/>\n<b>Fontemaggio S.r.l.<\/b> sammelt ausschlie\u00dflich Daten, die der Nutzer freiwillig eingibt sowie Daten des Surfens. F\u00fcr den Besuch auf dem Teil \u201c pubblica \u201c der Webside ( frei zug\u00e4ngig f\u00fcr jeden Nutzer ) ist kein Bezug auf pers\u00f6nliche Nutzerdaten vorgesehen. F\u00fcr den Zugang zum Inhalt der Webside oder f\u00fcr alle anderen Nutzerkontakte mit <b>Fontemaggio S.r.l.<\/b>, z.B Postnachrichten elektronisch-tradizionell an <b>Fontemaggio S.r.l.<\/b> \u00fcber die Webside , werden die Nutzerdaten aufgenommen und gem\u00e4\u00df den rechtlichen Bestimmungen behandelt. Freiwillig eingegebene Daten k\u00f6nnen folgende sein :<\/p>\n<p>Name;<br \/>\nNachname;<br \/>\nGeburtsdatum;<br \/>\nzugeh\u00f6riges Unternehmen;<br \/>\nStellung;<br \/>\nMailadresse;<br \/>\neventuelle Bildnachweise von P\u00e4ssen auf die Webside geladen;<br \/>\nRegistrierdaten direkt auf unsere Webside ( z.B. E-Mail und Passwort ) ;<br \/>\nDaten Ihrer Angestellten, Kunden, Lieferanten etc. welche Sie freiwillig eingeben ( unter der Abteilung des Bearbeitungsregisters unter Benachrichtigungssystemen etc ).<br \/>\nBeim Surfen k\u00f6nnen folgende Daten gesammelt werden :<\/p>\n<p>IP Adresse;<br \/>\nURI Adresse \u2013 Uniform Resource Identifier;<br \/>\nUhrzeit und Methode bei Anfragen an den Surfer<br \/>\nNummerncode zur Statusfeststellung der Surfer Antwort ( erfolgreich, Fehler, etc. )<br \/>\nDie Surferdaten sind bezogen auf das operative System und den Informationsbereich des Nutzers dessen Transmissionen im Internetverlaufsprotokoll enthalten sind. Obgleich diese Informationen nicht gesammelt werden um mit anderen verbunden zu werden, k\u00f6nnte es sein, da\u00df \u00fcber Drittanbieter die Nutzeridentifikation gestattet ist.<\/p>\n<p>3. Nutzungszweck<br \/>\n<b>Fontemaggio S.r.l.<\/b> benutzt die pers\u00f6nlichen Daten die der Nutzer beim Einloggen in die Webside eingegeben hat. Die personenbezogennen Daten k\u00f6nnen zu folgenden Zwecken genutzt werden<\/p>\n<p>a) Bereitstellung von Diensten und deren Websidetauglichkeit ( z.B. Name, Nachnahme, E-Mail Adresse, Passwort etc.);<br \/>\n<b>Fontemaggio S.r.l.<\/b> \u200b\u200bsammelt und nutzt die pers\u00f6nlichen Nutzerdaten um ihm die gesammte Webside zur Verf\u00fcgung stellen zu k\u00f6nnen, z.B. um \u00fcber die Webside zu kommunizieren oder die Option \u201c Ricorda \u201c zu w\u00e4hlen damit bei jedem Einloggen nicht immer alle Details erforderlich sind.<br \/>\nAchtung : wir raten nicht zu dieser Option wenn der Computer genutzt und mit anderen Personen geteilt wird.<\/p>\n<p>b) \u200bBearbeitung der Bezahlungsdaten und Rechnungsausstellung ;<br \/>\n<b>Fontemaggio S.r.l.<\/b> nutzt die pers\u00f6nlichen Nutzerdaten ausschlie\u00dflich zur Vereinfachung des Bezahlungsvorganges per Webside. Niemals erwirbt <b>Fontemaggio S.r.l.<\/b> Bankdaten des Nutzers, weil die Bezahlung per Paypal erfolgt.<\/p>\n<p>c) Beantwortung ev. technischer \u2013 rechtlicher Fragen des Benutzers;<\/p>\n<p>d) Sendung von Informationen unserer Webside z.B. per Mail oder Post ( erfolgt nur bei ausdr\u00fccklicher Zustimmung des Nutzers );<\/p>\n<p>e) Speicherung und Nutzung der gesammelten Daten durch unseren Surfer, auf Anfrage geladen vom Nutzer auf den verschieden Webside Seiten;<\/p>\n<p>f) Speicherung und Schutz durch unseren Surfer beim Herunterladen von E-Mail Adressen und Telefonnummern, damit der Nutzer an unserem Benachrichtigungssystem teilnehmen kann;<\/p>\n<p>Die oben aufgelisteten Zwecke sind der Zustimmung des Nutzers unterworfen ( einige nur mit ausschlie\u00dflicher Zustimmung ). Wir teilen mit, da\u00df <b>Fontemaggio S.r.l.<\/b> Programme Dritter ( nur Programme der Analyse, adw, oder Google bezogene Werbung ) ausschlie\u00dflich f\u00fcr Statistische \u2013 und Marketingzwecke nutzt. Die Daten sind grunds\u00e4tzlich annonymisiert. Diese Daten werden benutzt, um statistiche Informationen zu erhalten und sind nicht mit Daten zur Identifikation des Nutzers unserer Webside verbunden und werden sofort nach<br \/>\nder Bearbeitung gel\u00f6scht.<\/p>\n<p>Die Daten k\u00f6nnen im Falle von Computerkriminalit\u00e4t zum Schaden der Webside f\u00fcr Haftungsklagen genutzt werden.<\/p>\n<p><b>Fontemaggio S.r.l.<\/b> benutzt keine eingegebenen Daten au\u00dfer als hier aufgelistet, es sei denn in ganz festgelegten Grenzen, in ganz begrenzter Zeit wenn besondere Umst\u00e4nde es erfordern und dies vom Nutzer gew\u00fcnscht wird. Die Nutzerdaten werden niemals an Dritte verkauft oder zur Verf\u00fcgung gestellt. Der Nutzer ist der einzige Besitzer seiner Daten und kann jederzeit die Ver\u00e4nderung oder die L\u00f6schung verlangen<\/p>\n<p>4. Speicherung personenbezogener Daten<br \/>\n<b>Fontemaggio S.r.l.<\/b> speichert alle Nutzerinformationen gem\u00e4\u00df der geltenden Vorschriften aber solange wie n\u00f6tig, um die Diensleistung zu erbringen.<\/p>\n<p>Im besonderen werden die vom Nutzer eingegebenen Daten beim Besuch eines gesicherten Bereichs oder in den Kontaktformularen solange gespeichert wie keine L\u00f6schung verlangt wird. Es handelt sich ausschlie\u00dflich um Basisdaten ( z.B. f\u00fcr Rechnungsausstellung : Firmenbezeichnung, Firmensitz, Steuernummer, Firmenkontakt und Passwort )<\/p>\n<p>5. Sicherung und \u00dcbertragung Personenbezogener Daten<br \/>\n\u00dcbertragung, Speicherung und Bearbeitung personenbezogener Nutzerdaten auf der Webside sind \u00fcber entsprechende Technik gesichert. Alle Nutzerinformationen sind \u00fcber das selbsgew\u00e4hlte Passwort gesichert. Die Passw\u00f6rter werden nicht registriert und sind durch verschiedene Sicherungen gesch\u00fctzt. Dar\u00fcber hinaus wird die Webside \u00fcber die Verbindung HTTPS bereitgestellt.<\/p>\n<p>Die Nutzerdaten werden \u00fcber einen sicheren Surfer, gesch\u00fctzt von Firewall, ans\u00e4ssig in Italien in einer Webfarm mit kontrolliertem Zugang, gesammelt, archeviert und gespeichert.<\/p>\n<p>Jeder Zugang ist chifrengesch\u00fctzt.<\/p>\n<p>6. Abgabe der Daten an Dritte<br \/>\n<b>Fontemaggio S.r.l.<\/b> \u00fcbermittelt keine personenbezogenen Daten an Dritte. Dennoch kann <b>Fontemaggio S.r.l.<\/b> Nutzerdaten bei einigen Vorg\u00e4ngen an Dritte weitergeben z.B. wenn eine technisch \/ rechtliche Beratung auf Anfrage des Nutzers erfolgt. In diesen F\u00e4llen kann <b>Fontemaggio S.r.l.<\/b> Teile der pers\u00f6nlichen Daten an Dritte \/ Spezialisten weitergeben. Diese Daten werden von den Dritten gem\u00e4\u00df den geltenden Vorschriften genutzt. Nutzerdaten werden nicht au\u00dferhalb der EU weitergegeben.<\/p>\n<p>Nur wenn <b>Fontemaggio S.r.l.<\/b> gesetzlich gezwungen wird ,werden pers\u00f6nliche Daten an zust\u00e4ndige Beh\u00f6rden weitergegeben.<\/p>\n<p>7. Nutzerrechte<br \/>\nDer Nutzer hat in jedem Moment die volle Berechtigung zur Durchsetzung seiner Rechte gem\u00e4\u00df der geltenden Vorschriften :<\/p>\n<p>Best\u00e4tigung des Vorhandenseins seiner pers\u00f6nlichen Daten sowie Zugang zu seinen Daten;<br \/>\nErneuern, ver\u00e4ndern und \/ oder korregieren seiner pers\u00f6nlichen Daten;<br \/>\ndas L\u00f6schen, die Anonymisierung oder die Blockierung seiner Daten im Falle einer Rechtsverletzung verlangen;<br \/>\ndie Benutzung einschr\u00e4nken;<br \/>\naus gutem Grund gegen eine Nutzung sein;<br \/>\nErhalt einer Kopie der gespeicherten Daten und Nachfrage bei einer \u00dcbertragung an einen Betreiber<br \/>\num ein oder mehrere der hier aufgef\u00fchrten Rechte umzusetzen, richten Sie bitte eine Anfrage an <b>Fontemaggio S.r.l.<\/b>:<\/p>\n<p>at <b>Fontemaggio S.r.l.<\/b>, Via Eremo delle Carceri, 24, Assisi, 06081 (Pg)<br \/>\noder<\/p>\n<p>per mail info@fontemaggio.it<br \/>\n8. Cookie<br \/>\nF\u00fcr Informationen zum Cookiegebrauch auf unserer Webside lesen Sie bitte die Cookie Policy von <b>Fontemaggio S.r.l.<\/b>.<\/p>\n<p>9.Kontakt<br \/>\nF\u00fcr jede Kl\u00e4rung \u2013 Frage bez\u00fcglich der von uns hier gegebenen Informationen senden Sie eine Mail an info@fontemaggio.it<\/p>\n<p>das Dokument ist Stand 18\/05\/2018 damit gem\u00e4\u00df den geltenden Vorschriften und ins besondere konform der EU Vorschrift UE 2016\/679. Foligno 18 Mai 201\u00df<\/p>\n","protected":false},"excerpt":{"rendered":"<p>Im Sinne von GDPR werden auf unserer Webseite datenschutzrelevante Daten gem\u00e4\u00df der geltenden Vorschriften behandelt. Deshalb k\u00f6nnen Sie auf diesen Informationsseiten zum Datenschutz alle Informationen finden,<span class=\"excerpt-hellip\"> [\u2026]<\/span><\/p>\n","protected":false},"author":1,"featured_media":0,"parent":0,"menu_order":0,"comment_status":"closed","ping_status":"closed","template":"","meta":{"footnotes":""},"class_list":["post-979","page","type-page","status-publish","hentry"],"yoast_head":"<!-- This site is optimized with the Yoast SEO plugin v27.0 - https:\/\/yoast.com\/product\/yoast-seo-wordpress\/ -->\n<title>Privacy policy - Fontemaggio<\/title>\n<meta name=\"robots\" content=\"index, follow, max-snippet:-1, max-image-preview:large, max-video-preview:-1\" \/>\n<link rel=\"canonical\" href=\"https:\/\/www.fontemaggio.it\/de\/privacy-policy\/\" \/>\n<meta property=\"og:locale\" content=\"de_DE\" \/>\n<meta property=\"og:type\" content=\"article\" \/>\n<meta property=\"og:title\" content=\"Privacy policy - Fontemaggio\" \/>\n<meta property=\"og:description\" content=\"Im Sinne von GDPR werden auf unserer Webseite datenschutzrelevante Daten gem\u00e4\u00df der geltenden Vorschriften behandelt. Deshalb k\u00f6nnen Sie auf diesen Informationsseiten zum Datenschutz alle Informationen finden, [\u2026]\" \/>\n<meta property=\"og:url\" content=\"https:\/\/www.fontemaggio.it\/de\/privacy-policy\/\" \/>\n<meta property=\"og:site_name\" content=\"Fontemaggio\" \/>\n<meta property=\"article:modified_time\" content=\"2023-05-23T10:03:43+00:00\" \/>\n<meta name=\"twitter:card\" content=\"summary_large_image\" \/>\n<meta name=\"twitter:label1\" content=\"Gesch\u00e4tzte Lesezeit\" \/>\n\t<meta name=\"twitter:data1\" content=\"6\u00a0Minuten\" \/>\n<script type=\"application\/ld+json\" class=\"yoast-schema-graph\">{\"@context\":\"https:\/\/schema.org\",\"@graph\":[{\"@type\":\"WebPage\",\"@id\":\"https:\/\/www.fontemaggio.it\/de\/privacy-policy\/\",\"url\":\"https:\/\/www.fontemaggio.it\/de\/privacy-policy\/\",\"name\":\"Privacy policy - Fontemaggio\",\"isPartOf\":{\"@id\":\"https:\/\/www.fontemaggio.it\/de\/#website\"},\"datePublished\":\"2021-12-14T10:48:10+00:00\",\"dateModified\":\"2023-05-23T10:03:43+00:00\",\"breadcrumb\":{\"@id\":\"https:\/\/www.fontemaggio.it\/de\/privacy-policy\/#breadcrumb\"},\"inLanguage\":\"de\",\"potentialAction\":[{\"@type\":\"ReadAction\",\"target\":[\"https:\/\/www.fontemaggio.it\/de\/privacy-policy\/\"]}]},{\"@type\":\"BreadcrumbList\",\"@id\":\"https:\/\/www.fontemaggio.it\/de\/privacy-policy\/#breadcrumb\",\"itemListElement\":[{\"@type\":\"ListItem\",\"position\":1,\"name\":\"Home\",\"item\":\"https:\/\/www.fontemaggio.it\/de\/\"},{\"@type\":\"ListItem\",\"position\":2,\"name\":\"Privacy policy\"}]},{\"@type\":\"WebSite\",\"@id\":\"https:\/\/www.fontemaggio.it\/de\/#website\",\"url\":\"https:\/\/www.fontemaggio.it\/de\/\",\"name\":\"Fontemaggio\",\"description\":\"Strutture Assisi\",\"potentialAction\":[{\"@type\":\"SearchAction\",\"target\":{\"@type\":\"EntryPoint\",\"urlTemplate\":\"https:\/\/www.fontemaggio.it\/de\/?s={search_term_string}\"},\"query-input\":{\"@type\":\"PropertyValueSpecification\",\"valueRequired\":true,\"valueName\":\"search_term_string\"}}],\"inLanguage\":\"de\"}]}<\/script>\n<!-- \/ Yoast SEO plugin. -->","yoast_head_json":{"title":"Privacy policy - Fontemaggio","robots":{"index":"index","follow":"follow","max-snippet":"max-snippet:-1","max-image-preview":"max-image-preview:large","max-video-preview":"max-video-preview:-1"},"canonical":"https:\/\/www.fontemaggio.it\/de\/privacy-policy\/","og_locale":"de_DE","og_type":"article","og_title":"Privacy policy - Fontemaggio","og_description":"Im Sinne von GDPR werden auf unserer Webseite datenschutzrelevante Daten gem\u00e4\u00df der geltenden Vorschriften behandelt. Deshalb k\u00f6nnen Sie auf diesen Informationsseiten zum Datenschutz alle Informationen finden, [\u2026]","og_url":"https:\/\/www.fontemaggio.it\/de\/privacy-policy\/","og_site_name":"Fontemaggio","article_modified_time":"2023-05-23T10:03:43+00:00","twitter_card":"summary_large_image","twitter_misc":{"Gesch\u00e4tzte Lesezeit":"6\u00a0Minuten"},"schema":{"@context":"https:\/\/schema.org","@graph":[{"@type":"WebPage","@id":"https:\/\/www.fontemaggio.it\/de\/privacy-policy\/","url":"https:\/\/www.fontemaggio.it\/de\/privacy-policy\/","name":"Privacy policy - Fontemaggio","isPartOf":{"@id":"https:\/\/www.fontemaggio.it\/de\/#website"},"datePublished":"2021-12-14T10:48:10+00:00","dateModified":"2023-05-23T10:03:43+00:00","breadcrumb":{"@id":"https:\/\/www.fontemaggio.it\/de\/privacy-policy\/#breadcrumb"},"inLanguage":"de","potentialAction":[{"@type":"ReadAction","target":["https:\/\/www.fontemaggio.it\/de\/privacy-policy\/"]}]},{"@type":"BreadcrumbList","@id":"https:\/\/www.fontemaggio.it\/de\/privacy-policy\/#breadcrumb","itemListElement":[{"@type":"ListItem","position":1,"name":"Home","item":"https:\/\/www.fontemaggio.it\/de\/"},{"@type":"ListItem","position":2,"name":"Privacy policy"}]},{"@type":"WebSite","@id":"https:\/\/www.fontemaggio.it\/de\/#website","url":"https:\/\/www.fontemaggio.it\/de\/","name":"Fontemaggio","description":"Strutture Assisi","potentialAction":[{"@type":"SearchAction","target":{"@type":"EntryPoint","urlTemplate":"https:\/\/www.fontemaggio.it\/de\/?s={search_term_string}"},"query-input":{"@type":"PropertyValueSpecification","valueRequired":true,"valueName":"search_term_string"}}],"inLanguage":"de"}]}},"_links":{"self":[{"href":"https:\/\/www.fontemaggio.it\/de\/wp-json\/wp\/v2\/pages\/979","targetHints":{"allow":["GET"]}}],"collection":[{"href":"https:\/\/www.fontemaggio.it\/de\/wp-json\/wp\/v2\/pages"}],"about":[{"href":"https:\/\/www.fontemaggio.it\/de\/wp-json\/wp\/v2\/types\/page"}],"author":[{"embeddable":true,"href":"https:\/\/www.fontemaggio.it\/de\/wp-json\/wp\/v2\/users\/1"}],"replies":[{"embeddable":true,"href":"https:\/\/www.fontemaggio.it\/de\/wp-json\/wp\/v2\/comments?post=979"}],"version-history":[{"count":3,"href":"https:\/\/www.fontemaggio.it\/de\/wp-json\/wp\/v2\/pages\/979\/revisions"}],"predecessor-version":[{"id":1591,"href":"https:\/\/www.fontemaggio.it\/de\/wp-json\/wp\/v2\/pages\/979\/revisions\/1591"}],"wp:attachment":[{"href":"https:\/\/www.fontemaggio.it\/de\/wp-json\/wp\/v2\/media?parent=979"}],"curies":[{"name":"wp","href":"https:\/\/api.w.org\/{rel}","templated":true}]}}