{"id":975,"date":"2021-03-15T09:16:19","date_gmt":"2021-03-15T08:16:19","guid":{"rendered":"http:\/\/demo.customer-web.it\/fontemaggio\/cookies\/"},"modified":"2022-08-08T11:09:51","modified_gmt":"2022-08-08T09:09:51","slug":"cookies","status":"publish","type":"page","link":"https:\/\/www.fontemaggio.it\/de\/cookies\/","title":{"rendered":"Cookies"},"content":{"rendered":"<div class=\"wpb-content-wrapper\"><p>[vc_row][vc_column][vc_column_text]<\/p>\n<h2>Cookie Policy di <b>www.fontemaggio.it<\/b><\/h2>\n<p>Cookies sind ein Teil im Browsermen\u00fc, die den Betreiber unterst\u00fctzen die angebotene Dienstleistung zu erbringen. Zur Cookie Installation kann auch die Zustimmung des Nutzers notwendig sein. Wenn Cookies der Zustimmung bed\u00fcrfen kann diese jederzeit gem\u00e4\u00df den Beschreibungen freiwillig erfolgen.<\/p>\n<h4>Cookie Technik Und Aggregierte Statistik<\/h4>\n<ul>\n<li>Cookie ist eine unbedingt erforderliche Funktion f\u00fcr die Bedienung<\/li>\n<\/ul>\n<p>Diese Anwerdung nutzt Cookie um die Besuche des Benutzers zu speichern und f\u00fcr andere Aktivit\u00e4ten, die unbedingt f\u00fcr die Arbeitsweise dieser Anwendung erforderlich sind.<\/p>\n<ul>\n<li>Aktivit\u00e4t zur Speicherung von Pr\u00e4ferenzen, Verbesserungen und Statistik.<\/li>\n<\/ul>\n<p>Diese Anwendung nutzt Cookie, um die Pr\u00e4ferenzen beim Surfen zu speichern, und die Surfqualit\u00e4t des Nutzers zu optimieren. Cookies erscheinen z.B., um die Srache oder die W\u00e4hrung einzugeben oder dient statistischen Zwecken des Betreibers.<\/p>\n<h4>Andere Cookiearten Oder Progamme Dritter Die Installiert Werden K\u00f6nnen<\/h4>\n<p>Einige der aufgef\u00fchrten Dienstleistungen sammeln Statistiken in aggregierter und anonymisierter Form und k\u00f6nnen ohne Zustimmung des Nutzers erfolgen oder k\u00f6nnen auch direkt vom Betreiber verwendet werden ( wie beschrieben ) und ohne Ausschlu\u00df Dritter.<br \/>\nDie im folgenden aufgelisteten Unterst\u00fctzungsprogramme k\u00f6nnten teilweise von Drittanbietern betrieben werden und ohne Wissen des Websidebetreibers f\u00fcr diese das Verfolgen der Nutzerqualit\u00e4t m\u00f6glich machen. F\u00fcr genaue Information hier\u00fcber konsultiern Sie die privacy policy der aufgef\u00fchrten Diensleister.<\/p>\n<ul>\n<li>Interaktion mit externen sozialen Netzwerken und Plattformen<\/li>\n<\/ul>\n<p>Diese Dienste gestatten die Interaktion mit den sozialen Netzwerken und mit anderen externen Plattformen direkt von den Seite dieser Anwendung aus. Die von dieser Applikation aufgenommenen Interaktion und Information sind in jedem Fall Gegenstand aller privaten Nutzereingaben in jedes soziale Netzwerk. Wenn ein Zugriff auf die sozialen Netze als Diensleistung installiert ist, ist es m\u00f6glich, da\u00df auch wenn der Nutzer diesen Service nicht nutzt, trotzdem Surfverl\u00e4ufe von der Seite auf der der Dienst installiert ist, gesammelt werden.<\/p>\n<p><b>Button +1 Social von Google + ( google Inc.)<\/b><br \/>\nDer Button + 1 und social von Google+ sind Interaktionsdienste mit dem sozialen Netzwerk Google+, von Google Inc. gespeist.<br \/>\nGesammelte pers\u00f6nliche Daten : Cookie und Nutzungsdaten<br \/>\nSitz : USA \u2013 Privacy Policy.<\/p>\n<p><b>Button Linkedin ( Linkedin Corporation ) <\/b><br \/>\nMit dem Button LinketIn wird die Interaktion mit dem soziale Netzwerk Linkdedin, gespeist von LinkedIn Corporation, hergestellt.<br \/>\nGesammelte pers\u00f6nliche Daten : Cookie und Nutzungsdaten<br \/>\nSitz : USA \u2013 Privacy Policy.<\/p>\n<p><b>Button \u201cgef\u00e4llt\u201d und Facebook (Facebook, Inc.) <\/b><br \/>\nDer Button \u201cgef\u00e4llt\u201d und Facebook sind Dienstleister der Interaktion mit dem soziale Netzwerk Facebook, gespeist von Facebook,Inc.<br \/>\nGesammelte pers\u00f6nliche Daten : Cookie und Nutzungsdaten<br \/>\nSitz : USA \u2013 Privacy Policy.<\/p>\n<p><b>Button Tweet und Twitter ( Twitter, inc.)<\/b><br \/>\nButton Tweet und Twitter sind Interaktionsdiensleister des sozioalen Netzwerkes Twitter Inc.<br \/>\nGesammelte pers\u00f6nliche Daten : Cookie und Nutzungsdaten<br \/>\nSitz : USA \u2013 Privacy Policy.<\/p>\n<p><b>Button \u201cPin it\u201d und Pinterest (pinterest)<\/b><br \/>\nButton \u201cpin it\u201d und Pinterest sind Interaktionsdiensleister mit der Plattform Pinterest gespeist von Pinterest Inc.<br \/>\nGesammelte pers\u00f6nliche Daten : Cookie und Nutzungsdaten<br \/>\nSitz : USA \u2013 Privacy Policy.<\/p>\n<ul>\n<li>Statistik<\/li>\n<\/ul>\n<p>Die hier aufgef\u00fchrten Dienste erlauben es, dem Betreiber nachzuvollziehen und zu analysieren wie oft und wie lange ein Nutzer sich im Netz bewegt.<\/p>\n<p><b>Google Analytics (Google Inc.)<\/b><br \/>\nGoogle Analytics ist ein Web Datenanalysedienst gespeist von Google Inc. (\u201cGoogle\u201d). Google benutzt die gesammelten pers\u00f6nlichen Daten zum Zwecke der Untersuchung des Nutzungsverlaufs dieser Anwendung und teilt sie mit anderen von Google entwickelten Diensleistern.<br \/>\nGoogle kann pers\u00f6nliche Daten zum Vorteil von Anzeigen im eigenen Werbenetzwerk nutzen. Gesammelte pers\u00f6nliche Daten : Cookie und Nutzungsdaten<br \/>\nSitz : USA \u2013 Privacy Policy-Opt Out.<\/p>\n<ul>\n<li>Visualisierung von externen Plattformen<\/li>\n<\/ul>\n<p>Dieser Dienst erlaubt es direkt von dieser Webside aus, beim Besuch von externen Plattformen Ansichten zu erstellen. Ist ein derartiger Dienst installiert ist es auch bei Nichtnutzung des Dienstes m\u00f6glich, da\u00df dieser dem Besuchsverlauf des Benutzers speichert.<\/p>\n<p><b>Google Fonts (Google Inc.)<\/b><br \/>\nGoogle Fonts ist ein interaktives Verzeichnis von Schriftarten, die Google Inc. bereitstellt und die \u00fcber diese Anwendung auf deren eigenen Seiten genutzt werden kann.<br \/>\nGesammelte pers\u00f6nliche Daten : Cookie und Nutzungsdaten<br \/>\nSitz : USA \u2013 Privacy Policy.<\/p>\n<p><b>Google Maps (Google Inc.)<\/b><br \/>\nGoogle Maps ist ein visualisiertes Kartenverzeichnis das \u00fcber diese Anwendung auf deren eigenen Seiten benutzt werden kann. Gesammelte pers\u00f6nliche Daten : Cookie und Nutzungsdaten<br \/>\nSitz : USA \u2013 Privacy Policy.<\/p>\n<p><b>Video You Tube (Google Inc.)<\/b><br \/>\nYou Tube ist ein Videoportal von Google Inc. das \u00fcber diese Anwendung auf deren eigenen Seiten genutzt werden kann.<br \/>\nGesammelte pers\u00f6nliche Daten : Cookie und Nutzungsdaten<br \/>\nSitz : USA \u2013 Privacy Policy.<\/p>\n<h4>Wie Erfolgt Das Einverst\u00e4ndnis F\u00fcr Die Cookieinstallation ?<br \/>\nZus\u00e4tzlich zu den hier angezeigten Vorg\u00e4ngen kann der Nutzer direkt die ihm entsprechenden Cookies \u00fcber den eigenen Browser, zumSchutz vor Zugriff Dritter installieren. \u00dcber die Browserpr\u00e4ferenz ist au\u00dferdem das Eleminieren von vorher installierten Cookies m\u00f6glich, auch von denen innerhalb dieser Webside Genehmigten. Information zum Gebrauch von Cookies f\u00fcr den Nutzer \u00fcber folgende Adressen: Google Chrome, Mozilla Firefox, Apple Safari und Microsoft Internet Explorer.<br \/>\nIn Bezug auf Cookies von Dritten installiert, hat der Nutzer das Recht ,die eigenen Eingaben zu verwalten und die Zustimmung zu widerrufen indem er den Link opt out anklickt, die M\u00f6glichkeiten der privacy policy der Drittanbieter nutzt oder mit ihnen direkt in Kontakt tritt. Ungeachtet dessen kann der Nutzer Informationen \u00fcber EDAA (UE), Network Advertising Initiative (USA) e Digital Advertising Alliance (USA), DAAC (Canada), DDAI (Japan) oder anderer analoger Dienste nutzen. \u00dcber diese Dienste ist die R\u00fcckverfolgung der meisten Werbeanzeigen m\u00f6glich. Der Betreiber empfiehlt dem Nutzer diese M\u00f6glichkeiten zu den bereits vorgehaltenen hinzuzuf\u00fcgen.<\/h4>\n<h4>Datennutzung Des Betreibers<\/h4>\n<p>\u2013 Fontemaggio S.r.l. Via Eremo delle Carceri, 24, Assisi, 06081 (Pg)<\/p>\n<p>Mailadresse des Betreibers: info@fontemaggio.it<\/p>\n<p>Im Moment der Cookieinstallation und der von anderen von Dritten betriebenen Systemen, die \u00fcber diese Webside benutzt werden, kann aus technischen Gr\u00fcnden dieses nicht vom Betreiber kontrolliert werden. Jeder Cookiebezug und jeder Bezug auf Verlaufsysteme von Dritten installiert, ist als indikativ zu sehen. Um alle Informationen hierzu zubekommen, wird der Nutzer eingeladen, die privacy policy m\u00f6glicher Drittdienstleister zu konsultieren. Wegen der Komplexit\u00e4t der Technik von Cookies wird derNutzer eingeladen den Betreiber zu allem, was den Gebrauch von Cookies (auch den auf dieser Webside )betrifft, zu kontaktieren.<\/p>\n<h4>Definition Und Rechtlicher Bezug<\/h4>\n<p><b>Pers\u00f6nliche Daten<\/b><br \/>\nBei jeder Information entstehen pers\u00f6nliche Daten welche direkt oder indirekt auch in Verbindung mit jeder anderen Information eine pers\u00f6nliche Identifikationsnummer enth\u00e4lt und somit eine reale Person identifizierbar oder unidentifizierbar macht.<\/p>\n<p><b>Nutzungsdaten<\/b><br \/>\nDas sind die automatisch gesammelten Informationen \u00fcber diese Webside auch von Anwendungen Dritter, integriert in dieser Webside : IP Adressen oder die Dom\u00e4nennamen des vom Nutzer benutzten Computers, die sich mit dieser Anwendung verbinden, URI Adressen ( Uniform Resource Identifier ), Zeit der Anfrage, Art der Frageeinreichung beim Surfer, die Filedimension der erhatenen Antwort, der Nummerncode zum Stand der Antwort (erfolgreich, Fehler,etc.). Herkunftsland, Browsermerkmale und das vom Besucher benutzte System, die verschiedenen zeitlichen Verbindungen des Besuches ( z.B. der Verbleib auf jeder Seite ) und die Einzelheiten im internen Verlauf der Anwendung mit Bezug auf die jeweilig aufgerufenen Seiten.<\/p>\n<p><b>Nutzer<\/b><br \/>\nDer Nutzer ist die Person, die diese Webside, au\u00dfer wenn anders spezifiziert, in Kongruenz mit dem Betreiber benutzt.<\/p>\n<p><b>Der Betroffene<\/b><br \/>\nDie reale Persona an die die pers\u00f6nlichen Daten gerichtet sind.<\/p>\n<p><b>Responsabile del Trattamento (o Responsabile)<\/b><br \/>\nLa persona fisica, giuridica, la pubblica amministrazione e qualsiasi altro ente che tratta dati personali per conto del Titolare, secondo quanto esposto nella presente privacy policy.<\/p>\n<p><b>Verantwortlicher der Bearbeitung (oder der Verantwortliche )<\/b><br \/>\nDer Verantwortliche ist die reale, juristische, \u00f6ffentliche Person sowie jede Einrichtung, die die pers\u00f6nlichen Daten als Verantwortlicher bearbeitet, ausgewiesen in der privacy policy.<\/p>\n<p><b>Der Verantwortliche der Bearbeitung ( oder der Betreiber )<\/b><br \/>\nDer Betreiber ist eine reale oder juristische Person, eine Beh\u00f6rde, ein Dienst oder andere Organismen, die einzeln oder mit anderen den Zweck und die Mittel der Nutzung pers\u00f6nlicher Daten und deren Instrumente bestimmt. Darin sind die jeweiligen Sicherheitsstandarts des Betreibers und der Anwendunsbereich enthalten.<\/p>\n<p><b>Diese Webside<\/b><br \/>\nDie Diensleistungen angeboten durch diese Anwendung, definiert durch ihre Bedingungen auf der Webside \/ Anwendung.<\/p>\n<p><b>Europ\u00e4ische Union ( EU )<\/b><br \/>\nJeder Bezug auf die EU in diesem Dokument ist auch in allen anderen Mitgliedstaaten der EU bekannt und zug\u00e4nglich.<\/p>\n<p><b>Cookie<\/b><br \/>\nCookie sind Textdateien welche von einer Webside im Browserverlauf des Besuchers gespeichert wird.<\/p>\n<hr \/>\n<p>Rechtliche Bezug Die vorliegende Information zum Datenschutz erfolgt auf der Grundlage verschiedenster rechtlicher Verordnungen, eingeschlossen die EU Regularien 2016\/679 Artikel 13 und 14.[\/vc_column_text][vc_column_text]<strong> WELCHE ARTEN VON COOKIES VERWENDEN WIR? <\/strong><\/p>\n<p>Wesentlich: Einige Cookies sind unerl\u00e4sslich, um die volle Funktionalit\u00e4t unserer Website nutzen zu k\u00f6nnen. Sie erm\u00f6glichen es uns, Benutzersitzungen aufrechtzuerhalten und Sicherheitsbedrohungen zu verhindern. Sie sammeln oder speichern keine pers\u00f6nlichen Informationen. Diese Cookies erm\u00f6glichen es Ihnen beispielsweise, sich bei Ihrem Konto anzumelden und Produkte zu Ihrem Einkaufswagen hinzuzuf\u00fcgen und sicher zur Kasse zu gehen.<\/p>\n<p>Statistik: Diese Cookies speichern Informationen wie die Anzahl der Besucher der Website, die Anzahl der eindeutigen Besucher, welche Seiten der Website besucht wurden, die Herkunft des Besuchs usw. Diese Daten helfen uns, die Leistung der Website zu verstehen und zu analysieren, wo es muss verbessert werden.<\/p>\n<p>Marketing: Unsere Website zeigt Werbung an. Diese Cookies werden verwendet, um die Werbung, die wir Ihnen zeigen, so zu personalisieren, dass sie f\u00fcr Sie aussagekr\u00e4ftig ist. Diese Cookies helfen uns auch, die Effizienz dieser Werbekampagnen zu verfolgen.<br \/>\nDie in diesen Cookies gespeicherten Informationen k\u00f6nnen auch von Drittanbietern von Anzeigen verwendet werden, um Ihnen auch Anzeigen auf anderen Websites in Ihrem Browser anzuzeigen.<\/p>\n<p>Funktional: Dies sind die Cookies, die bestimmte nicht wesentliche Funktionen auf unserer Website unterst\u00fctzen. Zu diesen Funktionen geh\u00f6ren das Einbetten von Inhalten wie Videos oder das Teilen von Website-Inhalten auf Social-Media-Plattformen.<\/p>\n<p>Pr\u00e4ferenzen: Diese Cookies helfen uns, Ihre Einstellungen und Browsing-Pr\u00e4ferenzen wie Sprachpr\u00e4ferenzen zu speichern, damit Sie w\u00e4hrend der Besuche ein besseres und effizienteres Erlebnis haben<\/p>\n\n<p><strong> WIE KANN ICH DIE COOKIE-PR\u00c4FERENZEN \u00dcBERPR\u00dcFEN? <\/strong><\/p>\n<p>Sie k\u00f6nnen Ihre Cookie-Einstellungen verwalten, indem Sie auf die Schaltfl\u00e4che &#8222;Einstellungen&#8220; klicken und die Kategorien von Cookies im Popup entsprechend Ihren Einstellungen aktivieren oder deaktivieren.<\/p>\n<p>Wenn Sie sich entscheiden, Ihre Einstellungen sp\u00e4ter w\u00e4hrend der Browsersitzung zu \u00e4ndern, k\u00f6nnen Sie auf die Schaltfl\u00e4che \u201eDatenschutz &amp; amp; Cookie-Richtlinie \u201cauf dem Bildschirm. Dadurch wird der Einwilligungshinweis erneut angezeigt, mit dem Sie Ihre Einstellungen \u00e4ndern oder Ihre Einwilligung vollst\u00e4ndig widerrufen k\u00f6nnen.<\/p>\n<p>Dar\u00fcber hinaus bieten verschiedene Browser unterschiedliche Methoden zum Blockieren und L\u00f6schen der von Websites verwendeten Cookies. Sie k\u00f6nnen Ihre Browsereinstellungen \u00e4ndern, um Cookies zu blockieren \/ zu l\u00f6schen. Um mehr dar\u00fcber zu erfahren, wie Sie Cookies verwalten und l\u00f6schen k\u00f6nnen, besuchen Sie <a href=\"https:\/\/en.wikipedia.org\/wiki\/HTTP_cookie\" target=\"_blank\" rel=\"nofollow noopener\">wikipedia.org &lt;\/ a &gt; , <\/a><a href=\"http:\/\/www.allaboutcookies.org\/\" target=\"_blank\" rel=\"nofollow noopener\"> www.allaboutcookies.org. <\/a><a href=\"https:\/\/en.wikipedia.org\/wiki\/HTTP_cookie\" target=\"_blank\" rel=\"nofollow noopener\">[\/vc_column_text][\/vc_column][\/vc_row]<\/a><\/p>\n<\/div>","protected":false},"excerpt":{"rendered":"<p>[vc_row][vc_column][vc_column_text] Cookie Policy di www.fontemaggio.it Cookies sind ein Teil im Browsermen\u00fc, die den Betreiber unterst\u00fctzen die angebotene Dienstleistung zu erbringen. Zur Cookie Installation kann auch die<span class=\"excerpt-hellip\"> [\u2026]<\/span><\/p>\n","protected":false},"author":1,"featured_media":0,"parent":0,"menu_order":0,"comment_status":"closed","ping_status":"open","template":"","meta":{"footnotes":""},"class_list":["post-975","page","type-page","status-publish","hentry"],"yoast_head":"<!-- This site is optimized with the Yoast SEO plugin v27.0 - https:\/\/yoast.com\/product\/yoast-seo-wordpress\/ -->\n<title>Cookies - Fontemaggio<\/title>\n<meta name=\"robots\" content=\"index, follow, max-snippet:-1, max-image-preview:large, max-video-preview:-1\" \/>\n<link rel=\"canonical\" href=\"https:\/\/www.fontemaggio.it\/de\/cookies\/\" \/>\n<meta property=\"og:locale\" content=\"de_DE\" \/>\n<meta property=\"og:type\" content=\"article\" \/>\n<meta property=\"og:title\" content=\"Cookies - Fontemaggio\" \/>\n<meta property=\"og:description\" content=\"[vc_row][vc_column][vc_column_text] Cookie Policy di www.fontemaggio.it Cookies sind ein Teil im Browsermen\u00fc, die den Betreiber unterst\u00fctzen die angebotene Dienstleistung zu erbringen. Zur Cookie Installation kann auch die [\u2026]\" \/>\n<meta property=\"og:url\" content=\"https:\/\/www.fontemaggio.it\/de\/cookies\/\" \/>\n<meta property=\"og:site_name\" content=\"Fontemaggio\" \/>\n<meta property=\"article:modified_time\" content=\"2022-08-08T09:09:51+00:00\" \/>\n<meta name=\"twitter:card\" content=\"summary_large_image\" \/>\n<meta name=\"twitter:label1\" content=\"Gesch\u00e4tzte Lesezeit\" \/>\n\t<meta name=\"twitter:data1\" content=\"9\u00a0Minuten\" \/>\n<script type=\"application\/ld+json\" class=\"yoast-schema-graph\">{\"@context\":\"https:\/\/schema.org\",\"@graph\":[{\"@type\":\"WebPage\",\"@id\":\"https:\/\/www.fontemaggio.it\/de\/cookies\/\",\"url\":\"https:\/\/www.fontemaggio.it\/de\/cookies\/\",\"name\":\"Cookies - Fontemaggio\",\"isPartOf\":{\"@id\":\"https:\/\/www.fontemaggio.it\/de\/#website\"},\"datePublished\":\"2021-03-15T08:16:19+00:00\",\"dateModified\":\"2022-08-08T09:09:51+00:00\",\"breadcrumb\":{\"@id\":\"https:\/\/www.fontemaggio.it\/de\/cookies\/#breadcrumb\"},\"inLanguage\":\"de\",\"potentialAction\":[{\"@type\":\"ReadAction\",\"target\":[\"https:\/\/www.fontemaggio.it\/de\/cookies\/\"]}]},{\"@type\":\"BreadcrumbList\",\"@id\":\"https:\/\/www.fontemaggio.it\/de\/cookies\/#breadcrumb\",\"itemListElement\":[{\"@type\":\"ListItem\",\"position\":1,\"name\":\"Home\",\"item\":\"https:\/\/www.fontemaggio.it\/de\/\"},{\"@type\":\"ListItem\",\"position\":2,\"name\":\"Cookies\"}]},{\"@type\":\"WebSite\",\"@id\":\"https:\/\/www.fontemaggio.it\/de\/#website\",\"url\":\"https:\/\/www.fontemaggio.it\/de\/\",\"name\":\"Fontemaggio\",\"description\":\"Strutture Assisi\",\"potentialAction\":[{\"@type\":\"SearchAction\",\"target\":{\"@type\":\"EntryPoint\",\"urlTemplate\":\"https:\/\/www.fontemaggio.it\/de\/?s={search_term_string}\"},\"query-input\":{\"@type\":\"PropertyValueSpecification\",\"valueRequired\":true,\"valueName\":\"search_term_string\"}}],\"inLanguage\":\"de\"}]}<\/script>\n<!-- \/ Yoast SEO plugin. -->","yoast_head_json":{"title":"Cookies - Fontemaggio","robots":{"index":"index","follow":"follow","max-snippet":"max-snippet:-1","max-image-preview":"max-image-preview:large","max-video-preview":"max-video-preview:-1"},"canonical":"https:\/\/www.fontemaggio.it\/de\/cookies\/","og_locale":"de_DE","og_type":"article","og_title":"Cookies - Fontemaggio","og_description":"[vc_row][vc_column][vc_column_text] Cookie Policy di www.fontemaggio.it Cookies sind ein Teil im Browsermen\u00fc, die den Betreiber unterst\u00fctzen die angebotene Dienstleistung zu erbringen. Zur Cookie Installation kann auch die [\u2026]","og_url":"https:\/\/www.fontemaggio.it\/de\/cookies\/","og_site_name":"Fontemaggio","article_modified_time":"2022-08-08T09:09:51+00:00","twitter_card":"summary_large_image","twitter_misc":{"Gesch\u00e4tzte Lesezeit":"9\u00a0Minuten"},"schema":{"@context":"https:\/\/schema.org","@graph":[{"@type":"WebPage","@id":"https:\/\/www.fontemaggio.it\/de\/cookies\/","url":"https:\/\/www.fontemaggio.it\/de\/cookies\/","name":"Cookies - Fontemaggio","isPartOf":{"@id":"https:\/\/www.fontemaggio.it\/de\/#website"},"datePublished":"2021-03-15T08:16:19+00:00","dateModified":"2022-08-08T09:09:51+00:00","breadcrumb":{"@id":"https:\/\/www.fontemaggio.it\/de\/cookies\/#breadcrumb"},"inLanguage":"de","potentialAction":[{"@type":"ReadAction","target":["https:\/\/www.fontemaggio.it\/de\/cookies\/"]}]},{"@type":"BreadcrumbList","@id":"https:\/\/www.fontemaggio.it\/de\/cookies\/#breadcrumb","itemListElement":[{"@type":"ListItem","position":1,"name":"Home","item":"https:\/\/www.fontemaggio.it\/de\/"},{"@type":"ListItem","position":2,"name":"Cookies"}]},{"@type":"WebSite","@id":"https:\/\/www.fontemaggio.it\/de\/#website","url":"https:\/\/www.fontemaggio.it\/de\/","name":"Fontemaggio","description":"Strutture Assisi","potentialAction":[{"@type":"SearchAction","target":{"@type":"EntryPoint","urlTemplate":"https:\/\/www.fontemaggio.it\/de\/?s={search_term_string}"},"query-input":{"@type":"PropertyValueSpecification","valueRequired":true,"valueName":"search_term_string"}}],"inLanguage":"de"}]}},"_links":{"self":[{"href":"https:\/\/www.fontemaggio.it\/de\/wp-json\/wp\/v2\/pages\/975","targetHints":{"allow":["GET"]}}],"collection":[{"href":"https:\/\/www.fontemaggio.it\/de\/wp-json\/wp\/v2\/pages"}],"about":[{"href":"https:\/\/www.fontemaggio.it\/de\/wp-json\/wp\/v2\/types\/page"}],"author":[{"embeddable":true,"href":"https:\/\/www.fontemaggio.it\/de\/wp-json\/wp\/v2\/users\/1"}],"replies":[{"embeddable":true,"href":"https:\/\/www.fontemaggio.it\/de\/wp-json\/wp\/v2\/comments?post=975"}],"version-history":[{"count":3,"href":"https:\/\/www.fontemaggio.it\/de\/wp-json\/wp\/v2\/pages\/975\/revisions"}],"predecessor-version":[{"id":1496,"href":"https:\/\/www.fontemaggio.it\/de\/wp-json\/wp\/v2\/pages\/975\/revisions\/1496"}],"wp:attachment":[{"href":"https:\/\/www.fontemaggio.it\/de\/wp-json\/wp\/v2\/media?parent=975"}],"curies":[{"name":"wp","href":"https:\/\/api.w.org\/{rel}","templated":true}]}}